{"id":562,"date":"2025-07-02T10:18:53","date_gmt":"2025-07-02T08:18:53","guid":{"rendered":"https:\/\/krainabursztynu.com\/?page_id=562"},"modified":"2025-07-02T10:18:53","modified_gmt":"2025-07-02T08:18:53","slug":"gory-swietokrzyskie-2","status":"publish","type":"page","link":"https:\/\/krainabursztynu.com\/?page_id=562","title":{"rendered":"G\u00f3ry \u015awi\u0119tokrzyskie"},"content":{"rendered":"\n<figure class=\"wp-block-image size-large\"><img loading=\"lazy\" decoding=\"async\" width=\"724\" height=\"1024\" src=\"https:\/\/krainabursztynu.com\/wp-content\/uploads\/2025\/07\/PROGRAM-WYCIECZEK-17-02-724x1024.jpg\" alt=\"\" class=\"wp-image-563\" srcset=\"https:\/\/krainabursztynu.com\/wp-content\/uploads\/2025\/07\/PROGRAM-WYCIECZEK-17-02-724x1024.jpg 724w, https:\/\/krainabursztynu.com\/wp-content\/uploads\/2025\/07\/PROGRAM-WYCIECZEK-17-02-212x300.jpg 212w, https:\/\/krainabursztynu.com\/wp-content\/uploads\/2025\/07\/PROGRAM-WYCIECZEK-17-02-768x1086.jpg 768w, https:\/\/krainabursztynu.com\/wp-content\/uploads\/2025\/07\/PROGRAM-WYCIECZEK-17-02-1086x1536.jpg 1086w, https:\/\/krainabursztynu.com\/wp-content\/uploads\/2025\/07\/PROGRAM-WYCIECZEK-17-02-1448x2048.jpg 1448w, https:\/\/krainabursztynu.com\/wp-content\/uploads\/2025\/07\/PROGRAM-WYCIECZEK-17-02.jpg 1655w\" sizes=\"auto, (max-width: 724px) 100vw, 724px\" \/><\/figure>\n","protected":false},"excerpt":{"rendered":"","protected":false},"author":1,"featured_media":0,"parent":0,"menu_order":0,"comment_status":"closed","ping_status":"closed","template":"","meta":{"footnotes":""},"class_list":["post-562","page","type-page","status-publish","hentry"],"_links":{"self":[{"href":"https:\/\/krainabursztynu.com\/index.php?rest_route=\/wp\/v2\/pages\/562","targetHints":{"allow":["GET"]}}],"collection":[{"href":"https:\/\/krainabursztynu.com\/index.php?rest_route=\/wp\/v2\/pages"}],"about":[{"href":"https:\/\/krainabursztynu.com\/index.php?rest_route=\/wp\/v2\/types\/page"}],"author":[{"embeddable":true,"href":"https:\/\/krainabursztynu.com\/index.php?rest_route=\/wp\/v2\/users\/1"}],"replies":[{"embeddable":true,"href":"https:\/\/krainabursztynu.com\/index.php?rest_route=%2Fwp%2Fv2%2Fcomments&post=562"}],"version-history":[{"count":1,"href":"https:\/\/krainabursztynu.com\/index.php?rest_route=\/wp\/v2\/pages\/562\/revisions"}],"predecessor-version":[{"id":564,"href":"https:\/\/krainabursztynu.com\/index.php?rest_route=\/wp\/v2\/pages\/562\/revisions\/564"}],"wp:attachment":[{"href":"https:\/\/krainabursztynu.com\/index.php?rest_route=%2Fwp%2Fv2%2Fmedia&parent=562"}],"curies":[{"name":"wp","href":"https:\/\/api.w.org\/{rel}","templated":true}]}}