{"id":40,"date":"2024-04-14T18:16:32","date_gmt":"2024-04-14T16:16:32","guid":{"rendered":"https:\/\/krainabursztynu.com\/?page_id=40"},"modified":"2024-09-10T16:19:08","modified_gmt":"2024-09-10T14:19:08","slug":"wycieczki-trzydniowe","status":"publish","type":"page","link":"https:\/\/krainabursztynu.com\/?page_id=40","title":{"rendered":"Wycieczki trzydniowe"},"content":{"rendered":"\n<p><a href=\"mailto:wyprawa@krainabursztynu.com\"><strong>wyprawa@krainabursztynu.com<\/strong><\/a><strong>; +48 663877167; + 48 601918675<\/strong><\/p>\n\n\n\n<figure class=\"wp-block-image size-full has-custom-border is-style-rounded\"><img loading=\"lazy\" decoding=\"async\" width=\"1024\" height=\"1024\" src=\"https:\/\/krainabursztynu.com\/wp-content\/uploads\/2024\/04\/4ea4d624-894d-435a-a9e9-0df9aff80fa9.jpg\" alt=\"\" class=\"has-border-color wp-image-132\" style=\"border-color:#bd1e5a;border-width:32px;border-radius:93px;aspect-ratio:3\/2;object-fit:cover\" srcset=\"https:\/\/krainabursztynu.com\/wp-content\/uploads\/2024\/04\/4ea4d624-894d-435a-a9e9-0df9aff80fa9.jpg 1024w, https:\/\/krainabursztynu.com\/wp-content\/uploads\/2024\/04\/4ea4d624-894d-435a-a9e9-0df9aff80fa9-300x300.jpg 300w, https:\/\/krainabursztynu.com\/wp-content\/uploads\/2024\/04\/4ea4d624-894d-435a-a9e9-0df9aff80fa9-150x150.jpg 150w, https:\/\/krainabursztynu.com\/wp-content\/uploads\/2024\/04\/4ea4d624-894d-435a-a9e9-0df9aff80fa9-768x768.jpg 768w\" sizes=\"auto, (max-width: 1024px) 100vw, 1024px\" \/><\/figure>\n\n\n\n<ul class=\"wp-block-list\">\n<li class=\"has-large-font-size\"><strong><strong><a href=\"https:\/\/krainabursztynu.com\/?page_id=229\" data-type=\"page\" data-id=\"229\">Korona G\u00f3r Polski <\/a><\/strong> <\/strong>&#8211; Kowad\u0142o (989 m.n.p.m &#8211; G\u00f3ry Z\u0142ote), Rudawiec (1112 m.n.p.m. &#8211; G\u00f3ry Bialskie), K\u0142odzka G\u00f3ra (765 m.n.p.m. &#8211; G\u00f3ry Bardzkie).<br><\/li>\n\n\n\n<li class=\"has-large-font-size\"><strong><a href=\"https:\/\/krainabursztynu.com\/?page_id=320\" data-type=\"page\" data-id=\"320\">Zamki Dolnego \u015al\u0105ska&nbsp;<\/a> &#8211;<\/strong> Z\u0105bkowice \u015al\u0105skie, Grodno, Bolk\u00f3w, Ksi\u0105\u017c, Chojnik, Czocha.<\/li>\n\n\n\n<li class=\"has-large-font-size\"><strong><a href=\"https:\/\/krainabursztynu.com\/?page_id=317\" data-type=\"page\" data-id=\"317\">Podkarpacie<\/a> <\/strong>&#8211; Rzesz\u00f3w, \u0141a\u0144cut, Przemy\u015bl, Solina, Sanok.<\/li>\n\n\n\n<li class=\"has-large-font-size\"><a href=\"https:\/\/krainabursztynu.com\/?page_id=412\" data-type=\"page\" data-id=\"412\"><strong>Krak\u00f3w &#8211; Zakopane &#8211; Ojc\u00f3w<\/strong><\/a><br><\/li>\n\n\n\n<li class=\"has-large-font-size\"><strong>Tr\u00f3jmiasto &#8211; <\/strong>Gda\u0144sk &#8211; D\u0142ugi Targ, Muzeum II wojny \u015awiatowej, Muzeum Bursztynu, Westerplatte, Katedra Oliwska, Sopot &#8211; Aleja Monte Casino, Molo, Gdynia &#8211; Skwer Ko\u015bciuszki, Muzeum Marynarki Wojennej*, Statek Muzeum Dar Pomorza*, Okr\u0119t Muzeum ORP B\u0142yskawica*, Klif or\u0142owski).<br><\/li>\n\n\n\n<li class=\"has-large-font-size\"><strong>Zakopane <\/strong>-opcje &#8211; Morskie Oko, Rusinowa Polana, Kasprowy Wierch, Doliny, Guba\u0142\u00f3wka, Nosal, P\u0119ksowy Brzyzek, Willa Atma, Wielka Krokiew, Aqua Park, Papugarnia, Krup\u00f3wki.<br><\/li>\n\n\n\n<li class=\"has-large-font-size\"><strong>Karkonosze &#8211; <\/strong>Karpacz, \u015anie\u017cka (1602 m.n.p.m &#8211; Korona G\u00f3r Polski), Szklarska Por\u0119ba.<br><\/li>\n\n\n\n<li class=\"has-large-font-size\"><strong>Pieniny &#8211; <\/strong>Szczawnica &#8211; sp\u0142yw Dunajcem, W\u0105w\u00f3z Homole, Wysoka &#8211; (1050 m.n.p.m. &#8211; Korona G\u00f3r polski), Czorsztyn &#8211; zapora Niedzica, Trzy Korony, Jaskinia Biela\u0144ska (S\u0142owacja).<br><\/li>\n\n\n\n<li class=\"has-large-font-size\"><strong>Beskid \u015al\u0105ski <\/strong>&#8211; Ustro\u0144, Wis\u0142a, Szczyrk &#8211; Skrzyczne (1257 m.n.p.m &#8211; Korona G\u00f3r Polski ), Tr\u00f3jwie\u015b beskidzka, Cieszyn \u015al\u0105ski.<\/li>\n\n\n\n<li class=\"has-large-font-size\"><strong>Wypad na Litw\u0119<\/strong> &#8211; Suwa\u0142ki &#8211; Wilno &#8211; Kowno &#8211; Troki, Wigierski Park Narodowy.<br><\/li>\n\n\n\n<li class=\"has-large-font-size\"><strong>Bieszczady <\/strong>&#8211; Sanok &#8211; Zamek Kr\u00f3lewski, Muzeum Budownictwa Ludowego, Park Miejski, Zamek Sobie\u0144- Solina &#8211; zapora, rejs statkiem, punkt widokowy na g\u00f3rze Jawor- Koma\u0144cza &#8211; Klasztor Nazaretanek, Kolejka Bieszczadzka, Jezioro Duszaty\u0144skie.<br><\/li>\n\n\n\n<li class=\"has-large-font-size\"><strong>Beskid S\u0105decki <\/strong>&#8211; Krynica Zdr\u00f3j, Muszyna &#8211; sp\u0142yw Popradem, Jaworzyna Krynicka\/Radziejowa   &#8211; (1266,5 m.n.p.m.- Korona G\u00f3r Polski)<\/li>\n\n\n\n<li class=\"has-large-font-size\"><strong>Ma\u0142opolskie szlaki<\/strong> &#8211; Krak\u00f3w &#8211; Wieliczka\/Bochnia &#8211; Ojc\u00f3w.<br><\/li>\n\n\n\n<li class=\"has-large-font-size\"><strong><strong>Korona G\u00f3r Polski <\/strong> <\/strong>&#8211; Jagodna (977 m.n.p.m &#8211; G\u00f3ry Bystrzyckie), Orlica (1084 m.n.p.m. G\u00f3ry Orlickie), Strzeliniec Wielki (919 m.n.p.m. &#8211; G\u00f3ry Sto\u0142owe).<br><\/li>\n\n\n\n<li class=\"has-large-font-size\"><strong>G\u00f3ry Sowie <\/strong>&#8211; Z\u0142oty Stok, Srebrna G\u00f3ra,  Wielka Sowa (1015m.n.p.m. Korona G\u00f3r Polski) , Park Krajobrazowy, Podziemne miasto Oss\u00f3wka, Jezioro Bystrzyckie &#8211; zapora, Zamek Grodno.<br><\/li>\n\n\n\n<li class=\"has-large-font-size\"><strong>Szlak Piastowski &#8211; <\/strong>Pozna\u0144, Gniezno, Kruszwica, Inowroc\u0142aw, W\u0142oc\u0142awek.<\/li>\n<\/ul>\n","protected":false},"excerpt":{"rendered":"<p>wyprawa@krainabursztynu.com; +48 663877167; + 48 601918675<\/p>\n","protected":false},"author":1,"featured_media":9,"parent":0,"menu_order":0,"comment_status":"closed","ping_status":"closed","template":"","meta":{"footnotes":""},"class_list":["post-40","page","type-page","status-publish","has-post-thumbnail","hentry"],"_links":{"self":[{"href":"https:\/\/krainabursztynu.com\/index.php?rest_route=\/wp\/v2\/pages\/40","targetHints":{"allow":["GET"]}}],"collection":[{"href":"https:\/\/krainabursztynu.com\/index.php?rest_route=\/wp\/v2\/pages"}],"about":[{"href":"https:\/\/krainabursztynu.com\/index.php?rest_route=\/wp\/v2\/types\/page"}],"author":[{"embeddable":true,"href":"https:\/\/krainabursztynu.com\/index.php?rest_route=\/wp\/v2\/users\/1"}],"replies":[{"embeddable":true,"href":"https:\/\/krainabursztynu.com\/index.php?rest_route=%2Fwp%2Fv2%2Fcomments&post=40"}],"version-history":[{"count":15,"href":"https:\/\/krainabursztynu.com\/index.php?rest_route=\/wp\/v2\/pages\/40\/revisions"}],"predecessor-version":[{"id":425,"href":"https:\/\/krainabursztynu.com\/index.php?rest_route=\/wp\/v2\/pages\/40\/revisions\/425"}],"wp:featuredmedia":[{"embeddable":true,"href":"https:\/\/krainabursztynu.com\/index.php?rest_route=\/wp\/v2\/media\/9"}],"wp:attachment":[{"href":"https:\/\/krainabursztynu.com\/index.php?rest_route=%2Fwp%2Fv2%2Fmedia&parent=40"}],"curies":[{"name":"wp","href":"https:\/\/api.w.org\/{rel}","templated":true}]}}