{"id":35,"date":"2024-04-14T18:12:36","date_gmt":"2024-04-14T16:12:36","guid":{"rendered":"https:\/\/krainabursztynu.com\/?page_id=35"},"modified":"2025-04-22T17:57:48","modified_gmt":"2025-04-22T15:57:48","slug":"wycieczki-dwudniowe","status":"publish","type":"page","link":"https:\/\/krainabursztynu.com\/?page_id=35","title":{"rendered":"Wycieczki dwudniowe"},"content":{"rendered":"\n<p><a href=\"mailto:wyprawa@krainabursztynu.com\"><strong>wyprawa@krainabursztynu.com<\/strong><\/a><strong>; +48 663877167; + 48 601918675<\/strong><\/p>\n\n\n\n<figure class=\"wp-block-image size-full is-style-rounded\"><img loading=\"lazy\" decoding=\"async\" width=\"1024\" height=\"1024\" src=\"https:\/\/krainabursztynu.com\/wp-content\/uploads\/2024\/04\/ec0c7c83-beee-4810-a303-e965956dbe17.jpg\" alt=\"\" class=\"wp-image-130\" style=\"aspect-ratio:4\/3;object-fit:cover\" srcset=\"https:\/\/krainabursztynu.com\/wp-content\/uploads\/2024\/04\/ec0c7c83-beee-4810-a303-e965956dbe17.jpg 1024w, https:\/\/krainabursztynu.com\/wp-content\/uploads\/2024\/04\/ec0c7c83-beee-4810-a303-e965956dbe17-300x300.jpg 300w, https:\/\/krainabursztynu.com\/wp-content\/uploads\/2024\/04\/ec0c7c83-beee-4810-a303-e965956dbe17-150x150.jpg 150w, https:\/\/krainabursztynu.com\/wp-content\/uploads\/2024\/04\/ec0c7c83-beee-4810-a303-e965956dbe17-768x768.jpg 768w\" sizes=\"auto, (max-width: 1024px) 100vw, 1024px\" \/><\/figure>\n\n\n\n<ul class=\"wp-block-list has-gradient-3-gradient-background has-background\">\n<li class=\"has-large-font-size\"><strong><a href=\"https:\/\/krainabursztynu.com\/?page_id=220\" data-type=\"page\" data-id=\"220\">Lublin &#8211; Zamo\u015b\u0107 &#8211; Krasnobr\u00f3d (Roztocza\u0144ski Park Narodowy)<\/a><\/strong> <\/li>\n\n\n\n<li class=\"has-large-font-size\"><strong><a href=\"https:\/\/krainabursztynu.com\/?page_id=214\" data-type=\"page\" data-id=\"214\">Bia\u0142ystok &#8211; Narwia\u0144ski Park Narodowy<\/a><\/strong><\/li>\n\n\n\n<li class=\"has-large-font-size\"><strong><a href=\"https:\/\/krainabursztynu.com\/?page_id=270\" data-type=\"page\" data-id=\"270\">Bia\u0142ystok &#8211; Bia\u0142owieski Park Narodowy<\/a><\/strong><\/li>\n\n\n\n<li class=\"has-large-font-size\"><strong><a href=\"https:\/\/krainabursztynu.com\/?page_id=225\" data-type=\"page\" data-id=\"225\">Korona G\u00f3r Polski &#8211; Masyw \u015al\u0119\u017cy (718 m.n.p.m) &#8211; Wroc\u0142aw<\/a><\/strong><\/li>\n\n\n\n<li class=\"has-large-font-size\"><strong><a href=\"https:\/\/krainabursztynu.com\/?page_id=274\" data-type=\"page\" data-id=\"274\"><strong>K<\/strong>orona G\u00f3r Polski  &#8211; Skopiec (724 m.n.p.m &#8211; G\u00f3ry Kaczawskie) &#8211; Jelenia G\u00f3ra &#8211; Skalnik (945 m.n.p.m &#8211; Rudawy Janowickie)<\/a><\/strong><\/li>\n\n\n\n<li class=\"has-large-font-size\"><strong><a href=\"https:\/\/krainabursztynu.com\/?page_id=251\" data-type=\"page\" data-id=\"251\">Bydgoszcz &#8211; Toru\u0144<\/a><\/strong><\/li>\n\n\n\n<li class=\"has-large-font-size\"><strong><a href=\"https:\/\/krainabursztynu.com\/?page_id=279\" data-type=\"page\" data-id=\"279\">Korona G\u00f3r Polski  &#8211; Lubomir (912 m.n.p.m. &#8211; Beskid Makowski) &#8211; Rabka Zdr\u00f3j &#8211; Mogielica (1173 m.n.p.m. &#8211; Beskid Wyspowy) <\/a><\/strong><\/li>\n\n\n\n<li class=\"has-large-font-size\"><strong><a href=\"https:\/\/krainabursztynu.com\/?page_id=285\" data-type=\"page\" data-id=\"285\">Grunwald &#8211; Malbork<\/a> <\/strong><\/li>\n\n\n\n<li class=\"has-large-font-size\"><a href=\"https:\/\/krainabursztynu.com\/?page_id=291\" data-type=\"page\" data-id=\"291\"><strong>Szlak Orlich Gniazd &#8211; Ojcowski Park Narodowy<\/strong><\/a><\/li>\n\n\n\n<li class=\"has-large-font-size\"><strong><a href=\"https:\/\/krainabursztynu.com\/?page_id=305\" data-type=\"page\" data-id=\"305\">Szlak Orlich Gniazd &#8211; Bochnia &#8211; Ojcowski Park Narodowy<\/a><\/strong><\/li>\n\n\n\n<li class=\"has-large-font-size\"><a href=\"https:\/\/krainabursztynu.com\/?page_id=516\" data-type=\"page\" data-id=\"516\"><strong>Malbork \u2013 Kana\u0142 Elbl\u0105ski<\/strong><\/a><\/li>\n\n\n\n<li class=\"has-large-font-size\"><a href=\"https:\/\/krainabursztynu.com\/?page_id=513\" data-type=\"page\" data-id=\"513\"><strong>Toru\u0144 \u2013 Malbork<\/strong><\/a><br><\/li>\n\n\n\n<li class=\"has-large-font-size\"><strong>G\u00f3ry \u015awi\u0119tokrzyskie &#8211; <\/strong>opcje ( Kielce &#8211; Pa\u0142ac Biskup\u00f3w krakowskich, Rezerwaty Kadzielnia, Karcz\u00f3wka, Jaskinia Raj, Ch\u0119ciny, Korona G\u00f3r Polski &#8211; \u0141ysica, \u015awi\u0119ty Krzy\u017c &#8211; Bazylika mniejsza pw. \u015awi\u0119tej Tr\u00f3jcy, Zagna\u0144sk &#8211; D\u0105b Bartek,&nbsp; Obl\u0119gorek &#8211; Muzeum H. Sienkiewicza)<br><\/li>\n\n\n\n<li class=\"has-large-font-size\"><strong>Kazimierz Dolny nad Wis\u0142\u0105 &#8211; Pu\u0142awy &#8211; Lublin<\/strong> (Rynek , renesansowe kamienice, Studnie, Pomnik psa Werniksa, Wzg\u00f3rze Trzech Krzy\u017cy, Ko\u015bci\u00f3\u0142 farny \u015aw. Jana Chrzciciela i \u015aw. Bart\u0142omieja, Zesp\u00f3\u0142 zamkowy z baszt\u0105, Ruiny zamku, W\u0105wozy lessowe min. Korzeniowy D\u00f3\u0142, Przejazd Meleksami, Rejs statkiem po Wi\u015ble, Pu\u0142awy &#8211; Pa\u0142ac i park&nbsp; Czartoryskich, Lublin &#8211; Zamek , Brama Krakowska , Rynek , Trybuna\u0142 Koronny).<br><\/li>\n\n\n\n<li class=\"has-large-font-size\"><strong>Krak\u00f3w &#8211; Wieliczka\/Bochnia* &#8211; <\/strong>(Zamek Kr\u00f3lewski na Wawelu, Rynek, Sukiennice, Ko\u015bci\u00f3\u0142 Mariacki, Stare Miasto, Wieliczka\/ Bochnia* &#8211; kopalnia soli z ewentualnym noclegiem*).<br><\/li>\n\n\n\n<li class=\"has-large-font-size\"><strong>Kielce &#8211; Sandomierz <\/strong>(Kielce &#8211; opcje &#8211; Pa\u0142ac Biskup\u00f3w krakowskich, Rezerwat Kadzielnia, Jaskinia Raj, Ch\u0119ciny, Korona g\u00f3r polskich &#8211; \u0141ysica, \u015awi\u0119ty Krzy\u017c &#8211; Bazylika mniejsza pw. \u015awi\u0119tej Tr\u00f3jcy, Sandomierz &#8211; Brama opatowska &#8211; punkt widokowy, Rynek, Ratusz, W\u0105w\u00f3z Kr\u00f3lowej Jadwigi, Rezerwat przyrody G\u00f3ry Pieprzowe).<br><\/li>\n\n\n\n<li class=\"has-large-font-size\"><strong>Gniezno &#8211; Biskupin &#8211; Kruszwica <\/strong>(Gniezno &#8211; Katedra Gnie\u017anie\u0144ska, pomnik Boles\u0142awa Chrobrego, wzg\u00f3rze &nbsp; Lecha, &nbsp; Trakt Kr\u00f3lewski, Biskupin &#8211; Muzeum archeologiczne, , Rejs Diab\u0142em &nbsp; Weneckim po&nbsp; &nbsp;jeziorze biskupi\u0144skim*, Wenecja &#8211; Muzeum Kolei W\u0105skotorowej, Kruszwica &#8211; Ruiny Zamku z Mysi\u0105 wie\u017c\u0105, Kolegiata \u015aw. Piotra i Paw\u0142a, Rejs&nbsp; statkiem po jeziorze Gop\u0142o*)<\/li>\n<\/ul>\n\n\n\n<p><\/p>\n","protected":false},"excerpt":{"rendered":"<p>wyprawa@krainabursztynu.com; +48 663877167; + 48 601918675<\/p>\n","protected":false},"author":1,"featured_media":9,"parent":0,"menu_order":0,"comment_status":"closed","ping_status":"closed","template":"","meta":{"footnotes":""},"class_list":["post-35","page","type-page","status-publish","has-post-thumbnail","hentry"],"_links":{"self":[{"href":"https:\/\/krainabursztynu.com\/index.php?rest_route=\/wp\/v2\/pages\/35","targetHints":{"allow":["GET"]}}],"collection":[{"href":"https:\/\/krainabursztynu.com\/index.php?rest_route=\/wp\/v2\/pages"}],"about":[{"href":"https:\/\/krainabursztynu.com\/index.php?rest_route=\/wp\/v2\/types\/page"}],"author":[{"embeddable":true,"href":"https:\/\/krainabursztynu.com\/index.php?rest_route=\/wp\/v2\/users\/1"}],"replies":[{"embeddable":true,"href":"https:\/\/krainabursztynu.com\/index.php?rest_route=%2Fwp%2Fv2%2Fcomments&post=35"}],"version-history":[{"count":30,"href":"https:\/\/krainabursztynu.com\/index.php?rest_route=\/wp\/v2\/pages\/35\/revisions"}],"predecessor-version":[{"id":608,"href":"https:\/\/krainabursztynu.com\/index.php?rest_route=\/wp\/v2\/pages\/35\/revisions\/608"}],"wp:featuredmedia":[{"embeddable":true,"href":"https:\/\/krainabursztynu.com\/index.php?rest_route=\/wp\/v2\/media\/9"}],"wp:attachment":[{"href":"https:\/\/krainabursztynu.com\/index.php?rest_route=%2Fwp%2Fv2%2Fmedia&parent=35"}],"curies":[{"name":"wp","href":"https:\/\/api.w.org\/{rel}","templated":true}]}}