{"id":32,"date":"2024-04-14T18:17:19","date_gmt":"2024-04-14T16:17:19","guid":{"rendered":"https:\/\/krainabursztynu.com\/?page_id=32"},"modified":"2025-04-22T17:54:10","modified_gmt":"2025-04-22T15:54:10","slug":"wycieczki-jednodniowe","status":"publish","type":"page","link":"https:\/\/krainabursztynu.com\/?page_id=32","title":{"rendered":"Wycieczki jednodniowe"},"content":{"rendered":"\n<p><a href=\"mailto:wyprawa@krainabursztynu.com\"><strong>wyprawa@krainabursztynu.com<\/strong><\/a><strong>; +48 663877167; + 48 601918675<\/strong><\/p>\n\n\n\n<figure class=\"wp-block-image aligncenter size-medium has-custom-border is-style-rounded wp-duotone-unset-1\"><img loading=\"lazy\" decoding=\"async\" width=\"300\" height=\"300\" src=\"https:\/\/krainabursztynu.com\/wp-content\/uploads\/2024\/05\/577a250a-12be-4596-8f77-725fd86cc86d-1-300x300.jpg\" alt=\"\" class=\"wp-image-241\" style=\"border-style:none;border-width:0px;border-radius:0px;box-shadow:6px 6px 0px rgba(0, 0, 0, 1)\" srcset=\"https:\/\/krainabursztynu.com\/wp-content\/uploads\/2024\/05\/577a250a-12be-4596-8f77-725fd86cc86d-1-300x300.jpg 300w, https:\/\/krainabursztynu.com\/wp-content\/uploads\/2024\/05\/577a250a-12be-4596-8f77-725fd86cc86d-1-150x150.jpg 150w, https:\/\/krainabursztynu.com\/wp-content\/uploads\/2024\/05\/577a250a-12be-4596-8f77-725fd86cc86d-1-768x768.jpg 768w, https:\/\/krainabursztynu.com\/wp-content\/uploads\/2024\/05\/577a250a-12be-4596-8f77-725fd86cc86d-1.jpg 1024w\" sizes=\"auto, (max-width: 300px) 100vw, 300px\" \/><\/figure>\n\n\n\n<ul class=\"wp-block-list has-gradient-3-gradient-background has-background\">\n<li><strong><a href=\"https:\/\/krainabursztynu.com\/?page_id=170\" data-type=\"page\" data-id=\"170\">Po ziemi piotrkowskiej<\/a>&nbsp;<\/strong><\/li>\n\n\n\n<li class=\"has-medium-font-size\"><strong><a href=\"https:\/\/krainabursztynu.com\/?page_id=235\" data-type=\"page\" data-id=\"235\">Ojc\u00f3w<\/a><\/strong><\/li>\n\n\n\n<li><strong><a href=\"https:\/\/krainabursztynu.com\/?page_id=175\" data-type=\"page\" data-id=\"175\">Toru\u0144 &#8211; Ciechocinek<\/a><\/strong><\/li>\n\n\n\n<li><strong><a href=\"https:\/\/krainabursztynu.com\/?page_id=179\" data-type=\"page\" data-id=\"179\">G\u00f3ry \u015awi\u0119tokrzyskie<\/a><\/strong> <\/li>\n\n\n\n<li><strong><a href=\"https:\/\/krainabursztynu.com\/?page_id=204\" data-type=\"page\" data-id=\"204\">Szlak Orlich Gniazd<\/a><\/strong><\/li>\n\n\n\n<li><strong><a href=\"https:\/\/krainabursztynu.com\/?page_id=198\" data-type=\"page\" data-id=\"198\">Kazimierz Dolny nad Wis\u0142\u0105<\/a><\/strong><\/li>\n\n\n\n<li><strong><a href=\"https:\/\/krainabursztynu.com\/?page_id=195\" data-type=\"page\" data-id=\"195\">Gniezno &#8211; Biskupin\/Kruszwica<\/a><\/strong>&nbsp;<\/li>\n\n\n\n<li><a href=\"https:\/\/krainabursztynu.com\/?page_id=407\" data-type=\"page\" data-id=\"407\"><strong>Gniezno &#8211; Biskupin<\/strong><\/a><\/li>\n\n\n\n<li><strong><a href=\"https:\/\/krainabursztynu.com\/?page_id=260\" data-type=\"page\" data-id=\"260\">Bursztynowy szlak wojew\u00f3dztwa \u0142\u00f3dzkiego<\/a><\/strong><\/li>\n\n\n\n<li><a href=\"https:\/\/krainabursztynu.com\/?page_id=330\" data-type=\"page\" data-id=\"330\"><strong>Powsta\u0144czym Tropem<\/strong><\/a><\/li>\n\n\n\n<li><a href=\"https:\/\/krainabursztynu.com\/wp-content\/uploads\/2025\/04\/WARSZAWA-1.pdf\" data-type=\"attachment\" data-id=\"508\"><strong>Warszawa &#8211; Spacer do teatru Buffo<\/strong><\/a><\/li>\n\n\n\n<li><a href=\"https:\/\/krainabursztynu.com\/?page_id=510\" data-type=\"page\" data-id=\"510\"><strong>Warszawa 2 &#8211; Spacer do teatru Buffo<\/strong><\/a><\/li>\n\n\n\n<li><strong>Wroc\u0142aw <\/strong><\/li>\n\n\n\n<li><strong>Pozna\u0144<\/strong> <br><\/li>\n<\/ul>\n","protected":false},"excerpt":{"rendered":"<p>wyprawa@krainabursztynu.com; +48 663877167; + 48 601918675<\/p>\n","protected":false},"author":1,"featured_media":9,"parent":0,"menu_order":0,"comment_status":"closed","ping_status":"closed","template":"","meta":{"footnotes":""},"class_list":["post-32","page","type-page","status-publish","has-post-thumbnail","hentry"],"_links":{"self":[{"href":"https:\/\/krainabursztynu.com\/index.php?rest_route=\/wp\/v2\/pages\/32","targetHints":{"allow":["GET"]}}],"collection":[{"href":"https:\/\/krainabursztynu.com\/index.php?rest_route=\/wp\/v2\/pages"}],"about":[{"href":"https:\/\/krainabursztynu.com\/index.php?rest_route=\/wp\/v2\/types\/page"}],"author":[{"embeddable":true,"href":"https:\/\/krainabursztynu.com\/index.php?rest_route=\/wp\/v2\/users\/1"}],"replies":[{"embeddable":true,"href":"https:\/\/krainabursztynu.com\/index.php?rest_route=%2Fwp%2Fv2%2Fcomments&post=32"}],"version-history":[{"count":25,"href":"https:\/\/krainabursztynu.com\/index.php?rest_route=\/wp\/v2\/pages\/32\/revisions"}],"predecessor-version":[{"id":601,"href":"https:\/\/krainabursztynu.com\/index.php?rest_route=\/wp\/v2\/pages\/32\/revisions\/601"}],"wp:featuredmedia":[{"embeddable":true,"href":"https:\/\/krainabursztynu.com\/index.php?rest_route=\/wp\/v2\/media\/9"}],"wp:attachment":[{"href":"https:\/\/krainabursztynu.com\/index.php?rest_route=%2Fwp%2Fv2%2Fmedia&parent=32"}],"curies":[{"name":"wp","href":"https:\/\/api.w.org\/{rel}","templated":true}]}}