{"id":270,"date":"2024-05-07T18:27:53","date_gmt":"2024-05-07T16:27:53","guid":{"rendered":"https:\/\/krainabursztynu.com\/?page_id=270"},"modified":"2024-05-07T18:27:53","modified_gmt":"2024-05-07T16:27:53","slug":"bialystok-bialowieza","status":"publish","type":"page","link":"https:\/\/krainabursztynu.com\/?page_id=270","title":{"rendered":"Bia\u0142ystok &#8211; Bia\u0142owie\u017ca"},"content":{"rendered":"\n<hr class=\"wp-block-separator has-alpha-channel-opacity\"\/>\n\n\n\n<figure class=\"wp-block-image size-large\"><img loading=\"lazy\" decoding=\"async\" width=\"724\" height=\"1024\" src=\"https:\/\/krainabursztynu.com\/wp-content\/uploads\/2024\/05\/Bialystok-Bialowieza-1-724x1024.jpg\" alt=\"\" class=\"wp-image-271\" srcset=\"https:\/\/krainabursztynu.com\/wp-content\/uploads\/2024\/05\/Bialystok-Bialowieza-1-724x1024.jpg 724w, https:\/\/krainabursztynu.com\/wp-content\/uploads\/2024\/05\/Bialystok-Bialowieza-1-212x300.jpg 212w, https:\/\/krainabursztynu.com\/wp-content\/uploads\/2024\/05\/Bialystok-Bialowieza-1-768x1086.jpg 768w, https:\/\/krainabursztynu.com\/wp-content\/uploads\/2024\/05\/Bialystok-Bialowieza-1-1086x1536.jpg 1086w, https:\/\/krainabursztynu.com\/wp-content\/uploads\/2024\/05\/Bialystok-Bialowieza-1-1448x2048.jpg 1448w, https:\/\/krainabursztynu.com\/wp-content\/uploads\/2024\/05\/Bialystok-Bialowieza-1.jpg 1654w\" sizes=\"auto, (max-width: 724px) 100vw, 724px\" \/><\/figure>\n","protected":false},"excerpt":{"rendered":"","protected":false},"author":1,"featured_media":0,"parent":0,"menu_order":0,"comment_status":"closed","ping_status":"closed","template":"","meta":{"footnotes":""},"class_list":["post-270","page","type-page","status-publish","hentry"],"_links":{"self":[{"href":"https:\/\/krainabursztynu.com\/index.php?rest_route=\/wp\/v2\/pages\/270","targetHints":{"allow":["GET"]}}],"collection":[{"href":"https:\/\/krainabursztynu.com\/index.php?rest_route=\/wp\/v2\/pages"}],"about":[{"href":"https:\/\/krainabursztynu.com\/index.php?rest_route=\/wp\/v2\/types\/page"}],"author":[{"embeddable":true,"href":"https:\/\/krainabursztynu.com\/index.php?rest_route=\/wp\/v2\/users\/1"}],"replies":[{"embeddable":true,"href":"https:\/\/krainabursztynu.com\/index.php?rest_route=%2Fwp%2Fv2%2Fcomments&post=270"}],"version-history":[{"count":1,"href":"https:\/\/krainabursztynu.com\/index.php?rest_route=\/wp\/v2\/pages\/270\/revisions"}],"predecessor-version":[{"id":272,"href":"https:\/\/krainabursztynu.com\/index.php?rest_route=\/wp\/v2\/pages\/270\/revisions\/272"}],"wp:attachment":[{"href":"https:\/\/krainabursztynu.com\/index.php?rest_route=%2Fwp%2Fv2%2Fmedia&parent=270"}],"curies":[{"name":"wp","href":"https:\/\/api.w.org\/{rel}","templated":true}]}}