{"id":260,"date":"2024-05-06T17:13:10","date_gmt":"2024-05-06T15:13:10","guid":{"rendered":"https:\/\/krainabursztynu.com\/?page_id=260"},"modified":"2024-05-06T17:13:10","modified_gmt":"2024-05-06T15:13:10","slug":"bursztynowy-szlak-wojewodztwa-lodzkiego","status":"publish","type":"page","link":"https:\/\/krainabursztynu.com\/?page_id=260","title":{"rendered":"Bursztynowy szlak wojew\u00f3dztwa \u0142\u00f3dzkiego"},"content":{"rendered":"\n<figure class=\"wp-block-image size-large\"><img loading=\"lazy\" decoding=\"async\" width=\"724\" height=\"1024\" src=\"https:\/\/krainabursztynu.com\/wp-content\/uploads\/2024\/05\/BSzWl-724x1024.jpg\" alt=\"\" class=\"wp-image-261\" srcset=\"https:\/\/krainabursztynu.com\/wp-content\/uploads\/2024\/05\/BSzWl-724x1024.jpg 724w, https:\/\/krainabursztynu.com\/wp-content\/uploads\/2024\/05\/BSzWl-212x300.jpg 212w, https:\/\/krainabursztynu.com\/wp-content\/uploads\/2024\/05\/BSzWl-768x1086.jpg 768w, https:\/\/krainabursztynu.com\/wp-content\/uploads\/2024\/05\/BSzWl-1086x1536.jpg 1086w, https:\/\/krainabursztynu.com\/wp-content\/uploads\/2024\/05\/BSzWl-1448x2048.jpg 1448w, https:\/\/krainabursztynu.com\/wp-content\/uploads\/2024\/05\/BSzWl.jpg 1654w\" sizes=\"auto, (max-width: 724px) 100vw, 724px\" \/><\/figure>\n","protected":false},"excerpt":{"rendered":"","protected":false},"author":1,"featured_media":0,"parent":0,"menu_order":0,"comment_status":"closed","ping_status":"closed","template":"","meta":{"footnotes":""},"class_list":["post-260","page","type-page","status-publish","hentry"],"_links":{"self":[{"href":"https:\/\/krainabursztynu.com\/index.php?rest_route=\/wp\/v2\/pages\/260","targetHints":{"allow":["GET"]}}],"collection":[{"href":"https:\/\/krainabursztynu.com\/index.php?rest_route=\/wp\/v2\/pages"}],"about":[{"href":"https:\/\/krainabursztynu.com\/index.php?rest_route=\/wp\/v2\/types\/page"}],"author":[{"embeddable":true,"href":"https:\/\/krainabursztynu.com\/index.php?rest_route=\/wp\/v2\/users\/1"}],"replies":[{"embeddable":true,"href":"https:\/\/krainabursztynu.com\/index.php?rest_route=%2Fwp%2Fv2%2Fcomments&post=260"}],"version-history":[{"count":1,"href":"https:\/\/krainabursztynu.com\/index.php?rest_route=\/wp\/v2\/pages\/260\/revisions"}],"predecessor-version":[{"id":262,"href":"https:\/\/krainabursztynu.com\/index.php?rest_route=\/wp\/v2\/pages\/260\/revisions\/262"}],"wp:attachment":[{"href":"https:\/\/krainabursztynu.com\/index.php?rest_route=%2Fwp%2Fv2%2Fmedia&parent=260"}],"curies":[{"name":"wp","href":"https:\/\/api.w.org\/{rel}","templated":true}]}}