{"id":24,"date":"2024-04-14T17:24:10","date_gmt":"2024-04-14T15:24:10","guid":{"rendered":"https:\/\/krainabursztynu.com\/?page_id=24"},"modified":"2024-08-23T20:45:24","modified_gmt":"2024-08-23T18:45:24","slug":"kraina-bursztynu","status":"publish","type":"page","link":"https:\/\/krainabursztynu.com\/?page_id=24","title":{"rendered":"Kraina Bursztynu"},"content":{"rendered":"\r\n<p><a href=\"mailto:wyprawa@krainabursztynu.com\"><strong>wyprawa@krainabursztynu.com<\/strong><\/a><strong>; wycieczki@krainabursztynu.com\u00a0 +48 663877167; + 48 601918675<\/strong><\/p>\r\n\r\n\r\n\r\n<figure class=\"wp-block-image size-full has-custom-border\"><img loading=\"lazy\" decoding=\"async\" width=\"1024\" height=\"1024\" class=\"wp-image-89\" style=\"border-radius: 100px; aspect-ratio: 3\/2; object-fit: cover;\" src=\"https:\/\/krainabursztynu.com\/wp-content\/uploads\/2024\/04\/Logo-1.jpg\" alt=\"\" srcset=\"https:\/\/krainabursztynu.com\/wp-content\/uploads\/2024\/04\/Logo-1.jpg 1024w, https:\/\/krainabursztynu.com\/wp-content\/uploads\/2024\/04\/Logo-1-300x300.jpg 300w, https:\/\/krainabursztynu.com\/wp-content\/uploads\/2024\/04\/Logo-1-150x150.jpg 150w, https:\/\/krainabursztynu.com\/wp-content\/uploads\/2024\/04\/Logo-1-768x768.jpg 768w\" sizes=\"auto, (max-width: 1024px) 100vw, 1024px\" \/><\/figure>\r\n\r\n\r\n\r\n<p><strong>Operator turystyczny Kraina Bursztynu zajmuje si\u0119 organizacj\u0105 r\u00f3\u017cnych przedsi\u0119wzi\u0119\u0107 turystycznych. Ze wzgl\u0119du na swoj\u0105 lokalizacj\u0119 oferta kierowana jest do szk\u00f3\u0142 z wojew\u00f3dztwa \u0142\u00f3dzkiego. W ramach swojej dzia\u0142alno\u015bci biuro realizuje nast\u0119puj\u0105ce zadania:<\/strong><\/p>\r\n\r\n\r\n\r\n<ul class=\"wp-block-list\">\r\n<li><strong>Programowanie i kalkulowanie imprez krajowych i zagranicznych.<\/strong><\/li>\r\n\r\n\r\n\r\n<li><strong>Zamawianie i rozliczanie imprez krajowych i zagranicznych zgodnie z obowi\u0105zuj\u0105cymi przepisami.<\/strong><\/li>\r\n\r\n\r\n\r\n<li><strong>Organizacja wycieczek szkolnych, kt\u00f3re mog\u0105 by\u0107 jednodniowe lub wielodniowe.<\/strong><\/li>\r\n\r\n\r\n\r\n<li><strong>Organizacja wycieczek do popularnych miast w Polsce, jak r\u00f3wnie\u017c do miejsc mniej obleganych.<\/strong><\/li>\r\n\r\n\r\n\r\n<li><strong>Organizacja wycieczek zagranicznych, na przyk\u0142ad do Wilna, Wiednia czy Pragi.<\/strong><\/li>\r\n\r\n\r\n\r\n<li><strong>Rezerwacja autokaru, noclegu oraz zapewnienie ubezpieczenia.<\/strong><\/li>\r\n\r\n\r\n\r\n<li><strong>Opracowanie odpowiedniego, r\u00f3\u017cnorodnego i ciekawego programu.<\/strong><\/li>\r\n<\/ul>\r\n\r\n\r\n\r\n<p class=\"has-text-align-center has-text-color has-link-color has-roboto-font-family has-xx-large-font-size wp-elements-5e9b69576d8d8d03337559d7401c60f3\" style=\"color: #f4720b; font-style: normal; font-weight: 800;\"><strong>Oferta dla szk\u00f3\u0142<\/strong><\/p>\r\n\r\n\r\n\r\n<div class=\"wp-block-columns is-layout-flex wp-container-core-columns-is-layout-28f84493 wp-block-columns-is-layout-flex\">\r\n<div class=\"wp-block-column is-layout-flow wp-block-column-is-layout-flow\" style=\"flex-basis: 33.33%;\">\r\n<div class=\"wp-block-columns is-layout-flex wp-container-core-columns-is-layout-28f84493 wp-block-columns-is-layout-flex\">\r\n<div class=\"wp-block-column is-layout-flow wp-block-column-is-layout-flow\">\r\n<pre class=\"wp-block-verse has-text-color has-link-color has-medium-font-size wp-elements-fa27396102f95b8b449bab3f459d3bef\" style=\"color: #1a1918;\"><br \/><strong><a href=\"https:\/\/krainabursztynu.com\/?page_id=32\" data-type=\"page\" data-id=\"32\">Wycieczki jednodniowe<\/a><\/strong><br \/><strong><a href=\"https:\/\/krainabursztynu.com\/?page_id=35\" data-type=\"page\" data-id=\"35\">Wycieczki dwudniowe<\/a><br \/><a href=\"https:\/\/krainabursztynu.com\/?page_id=40\" data-type=\"page\" data-id=\"40\">Wycieczki trzydniowe<\/a><br \/><a href=\"https:\/\/krainabursztynu.com\/?page_id=49\" data-type=\"page\" data-id=\"49\">Zielone szko\u0142y<\/a><\/strong><br \/><strong><a href=\"https:\/\/krainabursztynu.com\/?page_id=68\" data-type=\"page\" data-id=\"68\">Obozy dla m\u0142odzie\u017cy<\/a><\/strong><\/pre>\r\n<\/div>\r\n<\/div>\r\n<\/div>\r\n\r\n\r\n\r\n<div class=\"wp-block-column is-layout-flow wp-block-column-is-layout-flow\" style=\"flex-basis: 66.66%;\">\r\n<figure class=\"wp-block-image size-full is-resized has-custom-border is-style-rounded\"><img loading=\"lazy\" decoding=\"async\" width=\"1024\" height=\"1024\" class=\"has-border-color has-contrast-3-border-color wp-image-27\" style=\"border-width: 25px; border-radius: 49px; width: 400px; height: auto;\" src=\"https:\/\/krainabursztynu.com\/wp-content\/uploads\/2024\/04\/35c4e5df-43bf-4ce8-ad92-7e59fa4a460d.jpg\" alt=\"\" srcset=\"https:\/\/krainabursztynu.com\/wp-content\/uploads\/2024\/04\/35c4e5df-43bf-4ce8-ad92-7e59fa4a460d.jpg 1024w, https:\/\/krainabursztynu.com\/wp-content\/uploads\/2024\/04\/35c4e5df-43bf-4ce8-ad92-7e59fa4a460d-300x300.jpg 300w, https:\/\/krainabursztynu.com\/wp-content\/uploads\/2024\/04\/35c4e5df-43bf-4ce8-ad92-7e59fa4a460d-150x150.jpg 150w, https:\/\/krainabursztynu.com\/wp-content\/uploads\/2024\/04\/35c4e5df-43bf-4ce8-ad92-7e59fa4a460d-768x768.jpg 768w\" sizes=\"auto, (max-width: 1024px) 100vw, 1024px\" \/><\/figure>\r\n<\/div>\r\n<\/div>\r\n","protected":false},"excerpt":{"rendered":"<p>wyprawa@krainabursztynu.com; wycieczki@krainabursztynu.com\u00a0 +48 663877167; + 48 601918675 Operator turystyczny Kraina Bursztynu zajmuje si\u0119 organizacj\u0105 r\u00f3\u017cnych przedsi\u0119wzi\u0119\u0107 turystycznych. Ze wzgl\u0119du na swoj\u0105 lokalizacj\u0119 oferta kierowana jest do szk\u00f3\u0142 z wojew\u00f3dztwa \u0142\u00f3dzkiego. W ramach swojej dzia\u0142alno\u015bci biuro realizuje nast\u0119puj\u0105ce zadania: Oferta dla szk\u00f3\u0142 Wycieczki jednodnioweWycieczki dwudnioweWycieczki trzydnioweZielone szko\u0142yObozy dla m\u0142odzie\u017cy<\/p>\n","protected":false},"author":1,"featured_media":9,"parent":0,"menu_order":0,"comment_status":"closed","ping_status":"closed","template":"","meta":{"footnotes":""},"class_list":["post-24","page","type-page","status-publish","has-post-thumbnail","hentry"],"_links":{"self":[{"href":"https:\/\/krainabursztynu.com\/index.php?rest_route=\/wp\/v2\/pages\/24","targetHints":{"allow":["GET"]}}],"collection":[{"href":"https:\/\/krainabursztynu.com\/index.php?rest_route=\/wp\/v2\/pages"}],"about":[{"href":"https:\/\/krainabursztynu.com\/index.php?rest_route=\/wp\/v2\/types\/page"}],"author":[{"embeddable":true,"href":"https:\/\/krainabursztynu.com\/index.php?rest_route=\/wp\/v2\/users\/1"}],"replies":[{"embeddable":true,"href":"https:\/\/krainabursztynu.com\/index.php?rest_route=%2Fwp%2Fv2%2Fcomments&post=24"}],"version-history":[{"count":19,"href":"https:\/\/krainabursztynu.com\/index.php?rest_route=\/wp\/v2\/pages\/24\/revisions"}],"predecessor-version":[{"id":402,"href":"https:\/\/krainabursztynu.com\/index.php?rest_route=\/wp\/v2\/pages\/24\/revisions\/402"}],"wp:featuredmedia":[{"embeddable":true,"href":"https:\/\/krainabursztynu.com\/index.php?rest_route=\/wp\/v2\/media\/9"}],"wp:attachment":[{"href":"https:\/\/krainabursztynu.com\/index.php?rest_route=%2Fwp%2Fv2%2Fmedia&parent=24"}],"curies":[{"name":"wp","href":"https:\/\/api.w.org\/{rel}","templated":true}]}}