{"id":225,"date":"2024-05-03T09:56:55","date_gmt":"2024-05-03T07:56:55","guid":{"rendered":"https:\/\/krainabursztynu.com\/?page_id=225"},"modified":"2024-05-03T09:56:55","modified_gmt":"2024-05-03T07:56:55","slug":"wroclaw-sleza","status":"publish","type":"page","link":"https:\/\/krainabursztynu.com\/?page_id=225","title":{"rendered":"Wroc\u0142aw &#8211; \u015al\u0119\u017ca"},"content":{"rendered":"\n<figure class=\"wp-block-image size-large has-custom-border is-style-rounded\"><img loading=\"lazy\" decoding=\"async\" width=\"724\" height=\"1024\" src=\"https:\/\/krainabursztynu.com\/wp-content\/uploads\/2024\/05\/Sleza-724x1024.jpg\" alt=\"\" class=\"has-border-color wp-image-226\" style=\"border-color:#1dc836;border-width:28px;border-radius:100px\" srcset=\"https:\/\/krainabursztynu.com\/wp-content\/uploads\/2024\/05\/Sleza-724x1024.jpg 724w, https:\/\/krainabursztynu.com\/wp-content\/uploads\/2024\/05\/Sleza-212x300.jpg 212w, https:\/\/krainabursztynu.com\/wp-content\/uploads\/2024\/05\/Sleza-768x1086.jpg 768w, https:\/\/krainabursztynu.com\/wp-content\/uploads\/2024\/05\/Sleza-1086x1536.jpg 1086w, https:\/\/krainabursztynu.com\/wp-content\/uploads\/2024\/05\/Sleza-1448x2048.jpg 1448w, https:\/\/krainabursztynu.com\/wp-content\/uploads\/2024\/05\/Sleza.jpg 1654w\" sizes=\"auto, (max-width: 724px) 100vw, 724px\" \/><\/figure>\n","protected":false},"excerpt":{"rendered":"","protected":false},"author":1,"featured_media":0,"parent":0,"menu_order":0,"comment_status":"closed","ping_status":"closed","template":"","meta":{"footnotes":""},"class_list":["post-225","page","type-page","status-publish","hentry"],"_links":{"self":[{"href":"https:\/\/krainabursztynu.com\/index.php?rest_route=\/wp\/v2\/pages\/225","targetHints":{"allow":["GET"]}}],"collection":[{"href":"https:\/\/krainabursztynu.com\/index.php?rest_route=\/wp\/v2\/pages"}],"about":[{"href":"https:\/\/krainabursztynu.com\/index.php?rest_route=\/wp\/v2\/types\/page"}],"author":[{"embeddable":true,"href":"https:\/\/krainabursztynu.com\/index.php?rest_route=\/wp\/v2\/users\/1"}],"replies":[{"embeddable":true,"href":"https:\/\/krainabursztynu.com\/index.php?rest_route=%2Fwp%2Fv2%2Fcomments&post=225"}],"version-history":[{"count":1,"href":"https:\/\/krainabursztynu.com\/index.php?rest_route=\/wp\/v2\/pages\/225\/revisions"}],"predecessor-version":[{"id":227,"href":"https:\/\/krainabursztynu.com\/index.php?rest_route=\/wp\/v2\/pages\/225\/revisions\/227"}],"wp:attachment":[{"href":"https:\/\/krainabursztynu.com\/index.php?rest_route=%2Fwp%2Fv2%2Fmedia&parent=225"}],"curies":[{"name":"wp","href":"https:\/\/api.w.org\/{rel}","templated":true}]}}